{"id":8389,"date":"2022-12-15T00:22:29","date_gmt":"2022-12-15T00:22:29","guid":{"rendered":"https:\/\/www.berndt-contec.de\/downloads\/"},"modified":"2024-11-07T15:32:08","modified_gmt":"2024-11-07T15:32:08","slug":"downloads","status":"publish","type":"page","link":"https:\/\/www.berndt-contec.de\/en\/downloads\/","title":{"rendered":"Downloads"},"content":{"rendered":"\t\t<div data-elementor-type=\"wp-page\" data-elementor-id=\"8389\" class=\"elementor elementor-8389 elementor-60\" data-elementor-post-type=\"page\">\n\t\t\t\t\t\t<section class=\"elementor-section elementor-top-section elementor-element elementor-element-a2176b6 elementor-section-boxed elementor-section-height-default elementor-section-height-default wpr-particle-no wpr-jarallax-no wpr-parallax-no wpr-sticky-section-no wpr-equal-height-no\" data-id=\"a2176b6\" data-element_type=\"section\" data-e-type=\"section\">\n\t\t\t\t\t\t<div class=\"elementor-container elementor-column-gap-default\">\n\t\t\t\t\t<div class=\"elementor-column elementor-col-100 elementor-top-column elementor-element elementor-element-ec3268b\" data-id=\"ec3268b\" data-element_type=\"column\" data-e-type=\"column\">\n\t\t\t<div class=\"elementor-widget-wrap elementor-element-populated\">\n\t\t\t\t\t\t<div class=\"elementor-element elementor-element-eddb099 elementor-widget elementor-widget-shortcode\" data-id=\"eddb099\" data-element_type=\"widget\" data-e-type=\"widget\" data-widget_type=\"shortcode.default\">\n\t\t\t\t<div class=\"elementor-widget-container\">\n\t\t\t\t\t\t\t<div class=\"elementor-shortcode\"><table id=\"dlp_037f3049b9cfe2d6_1\" class=\"posts-data-table\" width=\"100%\" data-config=\"{&quot;pageLength&quot;:-1,&quot;pagingType&quot;:&quot;numbers&quot;,&quot;serverSide&quot;:false,&quot;autoWidth&quot;:true,&quot;clickFilter&quot;:&quot;&quot;,&quot;stickyHeader&quot;:false,&quot;scrollOffset&quot;:15,&quot;resetButton&quot;:false,&quot;numOrder&quot;:false,&quot;lengthMenu&quot;:[[10,25,50,100,-1],[10,25,50,100,&quot;All&quot;]],&quot;columnDefs&quot;:[{&quot;className&quot;:&quot;col-title&quot;,&quot;targets&quot;:0,&quot;type&quot;:&quot;html&quot;},{&quot;className&quot;:&quot;col-image&quot;,&quot;targets&quot;:1,&quot;type&quot;:&quot;html&quot;},{&quot;className&quot;:&quot;col-doc_categories&quot;,&quot;targets&quot;:2,&quot;type&quot;:&quot;html&quot;},{&quot;className&quot;:&quot;col-link&quot;,&quot;targets&quot;:3,&quot;type&quot;:&quot;html&quot;},{&quot;className&quot;:&quot;col-file_size&quot;,&quot;targets&quot;:4,&quot;type&quot;:&quot;html&quot;}],&quot;responsive&quot;:{&quot;details&quot;:{&quot;display&quot;:&quot;child_row&quot;}},&quot;language&quot;:{&quot;info&quot;:&quot;_TOTAL_ documents&quot;,&quot;infoEmpty&quot;:&quot;0 documents&quot;,&quot;emptyTable&quot;:&quot;No matching documents.&quot;,&quot;zeroRecords&quot;:&quot;No matching documents.&quot;,&quot;totalsSingle&quot;:&quot;document&quot;,&quot;totalsPlural&quot;:&quot;documents&quot;},&quot;dom&quot;:&quot;&lt;\\&quot;posts-table-wrapper agencium\\&quot;&lt;\\&quot;posts-table-above posts-table-controls\\&quot;f&gt;t&lt;\\&quot;posts-table-below posts-table-controls\\&quot;lip&gt;&gt;&quot;,&quot;multiDownloadButton&quot;:false,&quot;multiDownloadPosition&quot;:&quot;above&quot;,&quot;multiDownloadText&quot;:&quot;Ausgew&amp;auml;hlte Dokumente herunterladen&quot;}\" data-filters=\"false\" data-order='[[0, \"asc\"]]'><thead><tr><th class=\"all\" data-name=\"title\" data-orderable=\"true\" data-searchable=\"true\" data-priority=\"1\">Titel<\/th><th data-name=\"image\" data-orderable=\"false\" data-searchable=\"false\" data-width=\"70px\" data-priority=\"2\">Bild<\/th><th data-name=\"doc_categories\" data-orderable=\"true\" data-searchable=\"true\" data-priority=\"6\">Kategorien<\/th><th data-name=\"link\" data-orderable=\"false\" data-searchable=\"false\" data-priority=\"10\">Link<\/th><th data-name=\"file_size\" data-orderable=\"true\" data-searchable=\"true\" data-priority=\"12\">Dateigr\u00f6\u00dfe<\/th><\/tr><\/thead><\/table><\/div>\n\t\t\t\t\t\t<\/div>\n\t\t\t\t<\/div>\n\t\t\t\t\t<\/div>\n\t\t<\/div>\n\t\t\t\t\t<\/div>\n\t\t<\/section>\n\t\t\t\t<\/div>\n\t\t","protected":false},"excerpt":{"rendered":"","protected":false},"author":1,"featured_media":0,"parent":0,"menu_order":0,"comment_status":"closed","ping_status":"closed","template":"","meta":{"footnotes":""},"class_list":["post-8389","page","type-page","status-publish","hentry"],"yoast_head":"<!-- This site is optimized with the Yoast SEO plugin v27.4 - https:\/\/yoast.com\/product\/yoast-seo-wordpress\/ -->\n<title>Downloads - BERNDT CONTEC - Regeltechnik und Steuerungssysteme f\u00fcr die Zukunft.<\/title>\n<meta name=\"robots\" content=\"index, follow, max-snippet:-1, max-image-preview:large, max-video-preview:-1\" \/>\n<link rel=\"canonical\" href=\"https:\/\/www.berndt-contec.de\/en\/downloads\/\" \/>\n<meta property=\"og:locale\" content=\"en_US\" \/>\n<meta property=\"og:type\" content=\"article\" \/>\n<meta property=\"og:title\" content=\"Downloads - BERNDT CONTEC - Regeltechnik und Steuerungssysteme f\u00fcr die Zukunft.\" \/>\n<meta property=\"og:url\" content=\"https:\/\/www.berndt-contec.de\/en\/downloads\/\" \/>\n<meta property=\"og:site_name\" content=\"BERNDT CONTEC - Regeltechnik und Steuerungssysteme f\u00fcr die Zukunft.\" \/>\n<meta property=\"article:publisher\" content=\"https:\/\/www.facebook.com\/berndtgruppe\" \/>\n<meta property=\"article:modified_time\" content=\"2024-11-07T15:32:08+00:00\" \/>\n<meta name=\"twitter:card\" content=\"summary_large_image\" \/>\n<script type=\"application\/ld+json\" class=\"yoast-schema-graph\">{\"@context\":\"https:\\\/\\\/schema.org\",\"@graph\":[{\"@type\":\"WebPage\",\"@id\":\"https:\\\/\\\/www.berndt-contec.de\\\/en\\\/downloads\\\/\",\"url\":\"https:\\\/\\\/www.berndt-contec.de\\\/en\\\/downloads\\\/\",\"name\":\"Downloads - BERNDT CONTEC - Regeltechnik und Steuerungssysteme f\u00fcr die Zukunft.\",\"isPartOf\":{\"@id\":\"https:\\\/\\\/www.berndt-contec.de\\\/#website\"},\"datePublished\":\"2022-12-15T00:22:29+00:00\",\"dateModified\":\"2024-11-07T15:32:08+00:00\",\"breadcrumb\":{\"@id\":\"https:\\\/\\\/www.berndt-contec.de\\\/en\\\/downloads\\\/#breadcrumb\"},\"inLanguage\":\"en-US\",\"potentialAction\":[{\"@type\":\"ReadAction\",\"target\":[\"https:\\\/\\\/www.berndt-contec.de\\\/en\\\/downloads\\\/\"]}]},{\"@type\":\"BreadcrumbList\",\"@id\":\"https:\\\/\\\/www.berndt-contec.de\\\/en\\\/downloads\\\/#breadcrumb\",\"itemListElement\":[{\"@type\":\"ListItem\",\"position\":1,\"name\":\"Start\",\"item\":\"https:\\\/\\\/www.berndt-contec.de\\\/en\\\/home\\\/\"},{\"@type\":\"ListItem\",\"position\":2,\"name\":\"Downloads\"}]},{\"@type\":\"WebSite\",\"@id\":\"https:\\\/\\\/www.berndt-contec.de\\\/#website\",\"url\":\"https:\\\/\\\/www.berndt-contec.de\\\/\",\"name\":\"BERNDT CONTEC - Regeltechnik und Steuerungssysteme f\u00fcr die Zukunft.\",\"description\":\"Professionelle Regeltechnik und Schaltanlagen f\u00fcr K\u00e4lte-, Klima- und L\u00fcftungssysteme.\",\"publisher\":{\"@id\":\"https:\\\/\\\/www.berndt-contec.de\\\/#organization\"},\"potentialAction\":[{\"@type\":\"SearchAction\",\"target\":{\"@type\":\"EntryPoint\",\"urlTemplate\":\"https:\\\/\\\/www.berndt-contec.de\\\/?s={search_term_string}\"},\"query-input\":{\"@type\":\"PropertyValueSpecification\",\"valueRequired\":true,\"valueName\":\"search_term_string\"}}],\"inLanguage\":\"en-US\"},{\"@type\":\"Organization\",\"@id\":\"https:\\\/\\\/www.berndt-contec.de\\\/#organization\",\"name\":\"BERNDT CONTEC GmbH & Co. KG\",\"url\":\"https:\\\/\\\/www.berndt-contec.de\\\/\",\"logo\":{\"@type\":\"ImageObject\",\"inLanguage\":\"en-US\",\"@id\":\"https:\\\/\\\/www.berndt-contec.de\\\/#\\\/schema\\\/logo\\\/image\\\/\",\"url\":\"https:\\\/\\\/www.berndt-contec.de\\\/wp-content\\\/uploads\\\/2026\\\/03\\\/HPM_Berndt_Contec_tranparent.png\",\"contentUrl\":\"https:\\\/\\\/www.berndt-contec.de\\\/wp-content\\\/uploads\\\/2026\\\/03\\\/HPM_Berndt_Contec_tranparent.png\",\"width\":711,\"height\":176,\"caption\":\"BERNDT CONTEC GmbH & Co. KG\"},\"image\":{\"@id\":\"https:\\\/\\\/www.berndt-contec.de\\\/#\\\/schema\\\/logo\\\/image\\\/\"},\"sameAs\":[\"https:\\\/\\\/www.facebook.com\\\/berndtgruppe\",\"https:\\\/\\\/www.instagram.com\\\/berndtgruppe\\\/\"]}]}<\/script>\n<!-- \/ Yoast SEO plugin. -->","yoast_head_json":{"title":"Downloads - BERNDT CONTEC - Regeltechnik und Steuerungssysteme f\u00fcr die Zukunft.","robots":{"index":"index","follow":"follow","max-snippet":"max-snippet:-1","max-image-preview":"max-image-preview:large","max-video-preview":"max-video-preview:-1"},"canonical":"https:\/\/www.berndt-contec.de\/en\/downloads\/","og_locale":"en_US","og_type":"article","og_title":"Downloads - BERNDT CONTEC - Regeltechnik und Steuerungssysteme f\u00fcr die Zukunft.","og_url":"https:\/\/www.berndt-contec.de\/en\/downloads\/","og_site_name":"BERNDT CONTEC - Regeltechnik und Steuerungssysteme f\u00fcr die Zukunft.","article_publisher":"https:\/\/www.facebook.com\/berndtgruppe","article_modified_time":"2024-11-07T15:32:08+00:00","twitter_card":"summary_large_image","schema":{"@context":"https:\/\/schema.org","@graph":[{"@type":"WebPage","@id":"https:\/\/www.berndt-contec.de\/en\/downloads\/","url":"https:\/\/www.berndt-contec.de\/en\/downloads\/","name":"Downloads - BERNDT CONTEC - Regeltechnik und Steuerungssysteme f\u00fcr die Zukunft.","isPartOf":{"@id":"https:\/\/www.berndt-contec.de\/#website"},"datePublished":"2022-12-15T00:22:29+00:00","dateModified":"2024-11-07T15:32:08+00:00","breadcrumb":{"@id":"https:\/\/www.berndt-contec.de\/en\/downloads\/#breadcrumb"},"inLanguage":"en-US","potentialAction":[{"@type":"ReadAction","target":["https:\/\/www.berndt-contec.de\/en\/downloads\/"]}]},{"@type":"BreadcrumbList","@id":"https:\/\/www.berndt-contec.de\/en\/downloads\/#breadcrumb","itemListElement":[{"@type":"ListItem","position":1,"name":"Start","item":"https:\/\/www.berndt-contec.de\/en\/home\/"},{"@type":"ListItem","position":2,"name":"Downloads"}]},{"@type":"WebSite","@id":"https:\/\/www.berndt-contec.de\/#website","url":"https:\/\/www.berndt-contec.de\/","name":"BERNDT CONTEC - Regeltechnik und Steuerungssysteme f\u00fcr die Zukunft.","description":"Professionelle Regeltechnik und Schaltanlagen f\u00fcr K\u00e4lte-, Klima- und L\u00fcftungssysteme.","publisher":{"@id":"https:\/\/www.berndt-contec.de\/#organization"},"potentialAction":[{"@type":"SearchAction","target":{"@type":"EntryPoint","urlTemplate":"https:\/\/www.berndt-contec.de\/?s={search_term_string}"},"query-input":{"@type":"PropertyValueSpecification","valueRequired":true,"valueName":"search_term_string"}}],"inLanguage":"en-US"},{"@type":"Organization","@id":"https:\/\/www.berndt-contec.de\/#organization","name":"BERNDT CONTEC GmbH & Co. KG","url":"https:\/\/www.berndt-contec.de\/","logo":{"@type":"ImageObject","inLanguage":"en-US","@id":"https:\/\/www.berndt-contec.de\/#\/schema\/logo\/image\/","url":"https:\/\/www.berndt-contec.de\/wp-content\/uploads\/2026\/03\/HPM_Berndt_Contec_tranparent.png","contentUrl":"https:\/\/www.berndt-contec.de\/wp-content\/uploads\/2026\/03\/HPM_Berndt_Contec_tranparent.png","width":711,"height":176,"caption":"BERNDT CONTEC GmbH & Co. KG"},"image":{"@id":"https:\/\/www.berndt-contec.de\/#\/schema\/logo\/image\/"},"sameAs":["https:\/\/www.facebook.com\/berndtgruppe","https:\/\/www.instagram.com\/berndtgruppe\/"]}]}},"_links":{"self":[{"href":"https:\/\/www.berndt-contec.de\/en\/wp-json\/wp\/v2\/pages\/8389","targetHints":{"allow":["GET"]}}],"collection":[{"href":"https:\/\/www.berndt-contec.de\/en\/wp-json\/wp\/v2\/pages"}],"about":[{"href":"https:\/\/www.berndt-contec.de\/en\/wp-json\/wp\/v2\/types\/page"}],"author":[{"embeddable":true,"href":"https:\/\/www.berndt-contec.de\/en\/wp-json\/wp\/v2\/users\/1"}],"replies":[{"embeddable":true,"href":"https:\/\/www.berndt-contec.de\/en\/wp-json\/wp\/v2\/comments?post=8389"}],"version-history":[{"count":0,"href":"https:\/\/www.berndt-contec.de\/en\/wp-json\/wp\/v2\/pages\/8389\/revisions"}],"wp:attachment":[{"href":"https:\/\/www.berndt-contec.de\/en\/wp-json\/wp\/v2\/media?parent=8389"}],"curies":[{"name":"wp","href":"https:\/\/api.w.org\/{rel}","templated":true}]}}