{"id":8754,"date":"2025-03-04T15:13:54","date_gmt":"2025-03-04T15:13:54","guid":{"rendered":"https:\/\/www.berndt-contec.de\/?page_id=8754"},"modified":"2025-03-04T15:13:54","modified_gmt":"2025-03-04T15:13:54","slug":"imprint-2","status":"publish","type":"page","link":"https:\/\/www.berndt-contec.de\/en\/imprint-2\/","title":{"rendered":"Imprint"},"content":{"rendered":"\t\t<div data-elementor-type=\"wp-page\" data-elementor-id=\"8754\" class=\"elementor elementor-8754 elementor-8753\" data-elementor-post-type=\"page\">\n\t\t\t\t\t\t<section class=\"elementor-section elementor-top-section elementor-element elementor-element-a2176b6 elementor-section-boxed elementor-section-height-default elementor-section-height-default wpr-particle-no wpr-jarallax-no wpr-parallax-no wpr-sticky-section-no wpr-equal-height-no\" data-id=\"a2176b6\" data-element_type=\"section\" data-e-type=\"section\">\n\t\t\t\t\t\t<div class=\"elementor-container elementor-column-gap-default\">\n\t\t\t\t\t<div class=\"elementor-column elementor-col-100 elementor-top-column elementor-element elementor-element-ec3268b\" data-id=\"ec3268b\" data-element_type=\"column\" data-e-type=\"column\">\n\t\t\t<div class=\"elementor-widget-wrap elementor-element-populated\">\n\t\t\t\t\t\t<div class=\"elementor-element elementor-element-ccce318 elementor-widget elementor-widget-text-editor\" data-id=\"ccce318\" data-element_type=\"widget\" data-e-type=\"widget\" data-widget_type=\"text-editor.default\">\n\t\t\t\t<div class=\"elementor-widget-container\">\n\t\t\t\t\t\t\t\t\t<strong>BERNDT CONTEC GmbH &amp; Co KG<\/strong><br>Otto-Hahn-Stra\u00dfe 6<br>53501 Grafschaft\n<h5>Registered office of the company:<\/h5>\nCounty<br>Local court Koblenz HRA 21760<br>VAT ID no.: DE815642908<br>Tax number: 01\/210\/01539\n<h5>Personally liable partner:<\/h5>\nBERNDT Verwaltungs GmbH<br>Registered office of the company: Grafschaft<br>Local court Koblenz HRB 25271<br>Managing Directors: Marcus Becker, Christoph Kauer, Dr. Matthias von Bodecker\n<h5>Contact:<\/h5>\nPhone: 0 22 25 91 32 40<br>Fax: 0 22 25 91 32 69<br>E-mail: info@berndt-contec.de\n<h5>Liability for content<\/h5>\nAs a service provider, we are responsible for our own content on these pages in accordance with Section 7 (1) TMG (German Telemedia Act) and general legislation. According to \u00a7\u00a7 8 to 10 TMG, however, we as a service provider are not obliged to monitor transmitted or stored third-party information or to investigate circumstances that indicate illegal\nactivity.\nObligations to remove or block the use of information in accordance with general laws remain unaffected by this. However, liability in this respect is only possible from the point in time at which we become aware of a specific legal infringement.\nIf we become aware of any such legal infringements, we will remove this content immediately.   \n<h5>Liability for links<\/h5>\nOur website contains links to external third-party websites over whose content we have no influence. We can therefore accept no liability for this\nthird-party content. The respective provider or operator of the pages is always responsible for the content of the linked pages. The linked pages were checked for possible legal violations at the time of linking. Illegal contents were not recognizable at the time of linking.\nHowever, a permanent control of the linked pages is not reasonable without concrete evidence of an infringement. If we become aware of any legal infringements, we will remove such links immediately.     \n<h5>Copyright<\/h5>\nThe content and works created by the site operators on these pages are subject to German copyright law. Duplication, processing, distribution and any form of commercialization of such material beyond the scope of the copyright law shall require the prior written consent of its respective author or creator. Downloads and copies of this site are only permitted for private, non-commercial use.\nInsofar as the content on this site was not created by the operator, the copyrights of third parties are respected. In particular, third-party content is identified as such. Should you nevertheless become aware of a copyright infringement, please inform us accordingly. If we become aware of any infringements, we will remove such content immediately.     \n\nSource: <a href=\"https:\/\/www.e-recht24.de\">e-recht24.de<\/a>\t\t\t\t\t\t\t\t<\/div>\n\t\t\t\t<\/div>\n\t\t\t\t\t<\/div>\n\t\t<\/div>\n\t\t\t\t\t<\/div>\n\t\t<\/section>\n\t\t\t\t<\/div>\n\t\t","protected":false},"excerpt":{"rendered":"<p>BERNDT CONTEC GmbH &amp; Co KGOtto-Hahn-Stra\u00dfe 653501 Grafschaft Registered office of the company: CountyLocal court Koblenz HRA 21760VAT ID no.: DE815642908Tax number: 01\/210\/01539 Personally liable partner: BERNDT Verwaltungs GmbHRegistered office of the company: GrafschaftLocal court Koblenz HRB 25271Managing Directors: Marcus Becker,&#8230;<\/p>\n","protected":false},"author":1,"featured_media":0,"parent":0,"menu_order":0,"comment_status":"closed","ping_status":"closed","template":"","meta":{"footnotes":""},"class_list":["post-8754","page","type-page","status-publish","hentry"],"yoast_head":"<!-- This site is optimized with the Yoast SEO plugin v27.4 - https:\/\/yoast.com\/product\/yoast-seo-wordpress\/ -->\n<title>Imprint - BERNDT CONTEC - Regeltechnik und Steuerungssysteme f\u00fcr die Zukunft.<\/title>\n<meta name=\"robots\" content=\"index, follow, max-snippet:-1, max-image-preview:large, max-video-preview:-1\" \/>\n<link rel=\"canonical\" href=\"https:\/\/www.berndt-contec.de\/en\/imprint-2\/\" \/>\n<meta property=\"og:locale\" content=\"en_US\" \/>\n<meta property=\"og:type\" content=\"article\" \/>\n<meta property=\"og:title\" content=\"Imprint - BERNDT CONTEC - Regeltechnik und Steuerungssysteme f\u00fcr die Zukunft.\" \/>\n<meta property=\"og:description\" content=\"BERNDT CONTEC GmbH &amp; Co KGOtto-Hahn-Stra\u00dfe 653501 Grafschaft Registered office of the company: CountyLocal court Koblenz HRA 21760VAT ID no.: DE815642908Tax number: 01\/210\/01539 Personally liable partner: BERNDT Verwaltungs GmbHRegistered office of the company: GrafschaftLocal court Koblenz HRB 25271Managing Directors: Marcus Becker,...\" \/>\n<meta property=\"og:url\" content=\"https:\/\/www.berndt-contec.de\/en\/imprint-2\/\" \/>\n<meta property=\"og:site_name\" content=\"BERNDT CONTEC - Regeltechnik und Steuerungssysteme f\u00fcr die Zukunft.\" \/>\n<meta property=\"article:publisher\" content=\"https:\/\/www.facebook.com\/berndtgruppe\" \/>\n<meta name=\"twitter:card\" content=\"summary_large_image\" \/>\n<meta name=\"twitter:label1\" content=\"Est. reading time\" \/>\n\t<meta name=\"twitter:data1\" content=\"2 minutes\" \/>\n<script type=\"application\/ld+json\" class=\"yoast-schema-graph\">{\"@context\":\"https:\\\/\\\/schema.org\",\"@graph\":[{\"@type\":\"WebPage\",\"@id\":\"https:\\\/\\\/www.berndt-contec.de\\\/en\\\/imprint-2\\\/\",\"url\":\"https:\\\/\\\/www.berndt-contec.de\\\/en\\\/imprint-2\\\/\",\"name\":\"Imprint - BERNDT CONTEC - Regeltechnik und Steuerungssysteme f\u00fcr die Zukunft.\",\"isPartOf\":{\"@id\":\"https:\\\/\\\/www.berndt-contec.de\\\/#website\"},\"datePublished\":\"2025-03-04T15:13:54+00:00\",\"breadcrumb\":{\"@id\":\"https:\\\/\\\/www.berndt-contec.de\\\/en\\\/imprint-2\\\/#breadcrumb\"},\"inLanguage\":\"en-US\",\"potentialAction\":[{\"@type\":\"ReadAction\",\"target\":[\"https:\\\/\\\/www.berndt-contec.de\\\/en\\\/imprint-2\\\/\"]}]},{\"@type\":\"BreadcrumbList\",\"@id\":\"https:\\\/\\\/www.berndt-contec.de\\\/en\\\/imprint-2\\\/#breadcrumb\",\"itemListElement\":[{\"@type\":\"ListItem\",\"position\":1,\"name\":\"Start\",\"item\":\"https:\\\/\\\/www.berndt-contec.de\\\/en\\\/home\\\/\"},{\"@type\":\"ListItem\",\"position\":2,\"name\":\"Imprint\"}]},{\"@type\":\"WebSite\",\"@id\":\"https:\\\/\\\/www.berndt-contec.de\\\/#website\",\"url\":\"https:\\\/\\\/www.berndt-contec.de\\\/\",\"name\":\"BERNDT CONTEC - Regeltechnik und Steuerungssysteme f\u00fcr die Zukunft.\",\"description\":\"Professionelle Regeltechnik und Schaltanlagen f\u00fcr K\u00e4lte-, Klima- und L\u00fcftungssysteme.\",\"publisher\":{\"@id\":\"https:\\\/\\\/www.berndt-contec.de\\\/#organization\"},\"potentialAction\":[{\"@type\":\"SearchAction\",\"target\":{\"@type\":\"EntryPoint\",\"urlTemplate\":\"https:\\\/\\\/www.berndt-contec.de\\\/?s={search_term_string}\"},\"query-input\":{\"@type\":\"PropertyValueSpecification\",\"valueRequired\":true,\"valueName\":\"search_term_string\"}}],\"inLanguage\":\"en-US\"},{\"@type\":\"Organization\",\"@id\":\"https:\\\/\\\/www.berndt-contec.de\\\/#organization\",\"name\":\"BERNDT CONTEC GmbH & Co. KG\",\"url\":\"https:\\\/\\\/www.berndt-contec.de\\\/\",\"logo\":{\"@type\":\"ImageObject\",\"inLanguage\":\"en-US\",\"@id\":\"https:\\\/\\\/www.berndt-contec.de\\\/#\\\/schema\\\/logo\\\/image\\\/\",\"url\":\"https:\\\/\\\/www.berndt-contec.de\\\/wp-content\\\/uploads\\\/2026\\\/03\\\/HPM_Berndt_Contec_tranparent.png\",\"contentUrl\":\"https:\\\/\\\/www.berndt-contec.de\\\/wp-content\\\/uploads\\\/2026\\\/03\\\/HPM_Berndt_Contec_tranparent.png\",\"width\":711,\"height\":176,\"caption\":\"BERNDT CONTEC GmbH & Co. KG\"},\"image\":{\"@id\":\"https:\\\/\\\/www.berndt-contec.de\\\/#\\\/schema\\\/logo\\\/image\\\/\"},\"sameAs\":[\"https:\\\/\\\/www.facebook.com\\\/berndtgruppe\",\"https:\\\/\\\/www.instagram.com\\\/berndtgruppe\\\/\"]}]}<\/script>\n<!-- \/ Yoast SEO plugin. -->","yoast_head_json":{"title":"Imprint - BERNDT CONTEC - Regeltechnik und Steuerungssysteme f\u00fcr die Zukunft.","robots":{"index":"index","follow":"follow","max-snippet":"max-snippet:-1","max-image-preview":"max-image-preview:large","max-video-preview":"max-video-preview:-1"},"canonical":"https:\/\/www.berndt-contec.de\/en\/imprint-2\/","og_locale":"en_US","og_type":"article","og_title":"Imprint - BERNDT CONTEC - Regeltechnik und Steuerungssysteme f\u00fcr die Zukunft.","og_description":"BERNDT CONTEC GmbH &amp; Co KGOtto-Hahn-Stra\u00dfe 653501 Grafschaft Registered office of the company: CountyLocal court Koblenz HRA 21760VAT ID no.: DE815642908Tax number: 01\/210\/01539 Personally liable partner: BERNDT Verwaltungs GmbHRegistered office of the company: GrafschaftLocal court Koblenz HRB 25271Managing Directors: Marcus Becker,...","og_url":"https:\/\/www.berndt-contec.de\/en\/imprint-2\/","og_site_name":"BERNDT CONTEC - Regeltechnik und Steuerungssysteme f\u00fcr die Zukunft.","article_publisher":"https:\/\/www.facebook.com\/berndtgruppe","twitter_card":"summary_large_image","twitter_misc":{"Est. reading time":"2 minutes"},"schema":{"@context":"https:\/\/schema.org","@graph":[{"@type":"WebPage","@id":"https:\/\/www.berndt-contec.de\/en\/imprint-2\/","url":"https:\/\/www.berndt-contec.de\/en\/imprint-2\/","name":"Imprint - BERNDT CONTEC - Regeltechnik und Steuerungssysteme f\u00fcr die Zukunft.","isPartOf":{"@id":"https:\/\/www.berndt-contec.de\/#website"},"datePublished":"2025-03-04T15:13:54+00:00","breadcrumb":{"@id":"https:\/\/www.berndt-contec.de\/en\/imprint-2\/#breadcrumb"},"inLanguage":"en-US","potentialAction":[{"@type":"ReadAction","target":["https:\/\/www.berndt-contec.de\/en\/imprint-2\/"]}]},{"@type":"BreadcrumbList","@id":"https:\/\/www.berndt-contec.de\/en\/imprint-2\/#breadcrumb","itemListElement":[{"@type":"ListItem","position":1,"name":"Start","item":"https:\/\/www.berndt-contec.de\/en\/home\/"},{"@type":"ListItem","position":2,"name":"Imprint"}]},{"@type":"WebSite","@id":"https:\/\/www.berndt-contec.de\/#website","url":"https:\/\/www.berndt-contec.de\/","name":"BERNDT CONTEC - Regeltechnik und Steuerungssysteme f\u00fcr die Zukunft.","description":"Professionelle Regeltechnik und Schaltanlagen f\u00fcr K\u00e4lte-, Klima- und L\u00fcftungssysteme.","publisher":{"@id":"https:\/\/www.berndt-contec.de\/#organization"},"potentialAction":[{"@type":"SearchAction","target":{"@type":"EntryPoint","urlTemplate":"https:\/\/www.berndt-contec.de\/?s={search_term_string}"},"query-input":{"@type":"PropertyValueSpecification","valueRequired":true,"valueName":"search_term_string"}}],"inLanguage":"en-US"},{"@type":"Organization","@id":"https:\/\/www.berndt-contec.de\/#organization","name":"BERNDT CONTEC GmbH & Co. KG","url":"https:\/\/www.berndt-contec.de\/","logo":{"@type":"ImageObject","inLanguage":"en-US","@id":"https:\/\/www.berndt-contec.de\/#\/schema\/logo\/image\/","url":"https:\/\/www.berndt-contec.de\/wp-content\/uploads\/2026\/03\/HPM_Berndt_Contec_tranparent.png","contentUrl":"https:\/\/www.berndt-contec.de\/wp-content\/uploads\/2026\/03\/HPM_Berndt_Contec_tranparent.png","width":711,"height":176,"caption":"BERNDT CONTEC GmbH & Co. KG"},"image":{"@id":"https:\/\/www.berndt-contec.de\/#\/schema\/logo\/image\/"},"sameAs":["https:\/\/www.facebook.com\/berndtgruppe","https:\/\/www.instagram.com\/berndtgruppe\/"]}]}},"_links":{"self":[{"href":"https:\/\/www.berndt-contec.de\/en\/wp-json\/wp\/v2\/pages\/8754","targetHints":{"allow":["GET"]}}],"collection":[{"href":"https:\/\/www.berndt-contec.de\/en\/wp-json\/wp\/v2\/pages"}],"about":[{"href":"https:\/\/www.berndt-contec.de\/en\/wp-json\/wp\/v2\/types\/page"}],"author":[{"embeddable":true,"href":"https:\/\/www.berndt-contec.de\/en\/wp-json\/wp\/v2\/users\/1"}],"replies":[{"embeddable":true,"href":"https:\/\/www.berndt-contec.de\/en\/wp-json\/wp\/v2\/comments?post=8754"}],"version-history":[{"count":0,"href":"https:\/\/www.berndt-contec.de\/en\/wp-json\/wp\/v2\/pages\/8754\/revisions"}],"wp:attachment":[{"href":"https:\/\/www.berndt-contec.de\/en\/wp-json\/wp\/v2\/media?parent=8754"}],"curies":[{"name":"wp","href":"https:\/\/api.w.org\/{rel}","templated":true}]}}